{"id":5,"date":"2019-05-18T03:48:56","date_gmt":"2019-05-18T06:48:56","guid":{"rendered":"http:\/\/gigatotal.com.br\/?page_id=5"},"modified":"2024-04-03T13:02:01","modified_gmt":"2024-04-03T16:02:01","slug":"solucoes-em-ti-e-web","status":"publish","type":"page","link":"https:\/\/www.gigatotal.com.br\/","title":{"rendered":""},"content":{"rendered":"<div  id=\"overlapable-2\" style=\"background-color: #ffffff;\" data-label=\"Overlapable\" data-id=\"stripped-coloured-icon-boxes\" data-category=\"overlapable\" class=\"features-coloured-icon-boxes-section\" data-overlap=\"true\">\n<div  class=\"gridContainer\">\n<div  class=\"features-coloured-icon-boxes-innerrow flexbox-list dark-text\" data-type=\"row\">\n<div  class=\"features-coloured-icon-boxes-featurecol cp3cols\">\n<div  class=\"features-coloured-icon-boxes-iconcontainer\" data-content-item-container=\"true\"> <i  data-cp-fa=\"true\" class=\"features-coloured-icon fa fa-wordpress\"><\/i><\/div>\n<h4  class=\"\">Cria\u00e7\u00e3o de sites e lojas Virtuais<\/h4>\n<p  class=\"\">Criamos sites e lojas virtuais personalizadas em wordpress de acordo com a necessidade de cada cliente. Desenvolvemos um modelo de site com seu conte\u00fado e se for aprovado ai conversamos sobre valores.<\/p>\n\n<\/div>\n<div  class=\"features-coloured-icon-boxes-featurecol cp3cols\">\n<div  class=\"features-coloured-icon-boxes-iconcontainer\" data-content-item-container=\"true\"> <i  data-cp-fa=\"true\" class=\"features-coloured-icon fa fa-google\"><\/i><\/div>\n<h4  class=\"\">SEO Marketing<\/h4>\n<p  class=\"\">Quer saber porque seu concorrente aparece nas primeiras paginas de pesquisas e seu site n\u00e3o? Entre em contato conosco e faremos uma consultoria em&nbsp; seu site para solucionar o problema .<\/p>\n\n<\/div>\n<div  class=\"features-coloured-icon-boxes-featurecol cp3cols\">\n<div  class=\"features-coloured-icon-boxes-iconcontainer\" data-content-item-container=\"true\"> <i  data-cp-fa=\"true\" class=\"features-coloured-icon fa fa-signal\"><\/i><\/div>\n<h4  class=\"\">Marketing Digital<\/h4>\n<p  class=\"\">Estrat\u00e9gias de marketing online<\/p>\nCampanhas no google adwords\n\n&nbsp;Gest\u00e3o de m\u00eddias sociais\ne todo suporte para aumentar suas vendas na internet.\n\n<\/div>\n<div  class=\"features-coloured-icon-boxes-featurecol cp3cols\">\n<div  class=\"features-coloured-icon-boxes-iconcontainer\" data-content-item-container=\"true\"> <i  data-cp-fa=\"true\" class=\"features-coloured-icon fa fa-youtube-square\"><\/i><\/div>\n<h4  class=\"\">Video Marketinhg<\/h4>\n<p  class=\"\">Quer ter um video institucional de apresenta\u00e7\u00e3o da sua empresa? Ou um video de propaganda de algum produto? Temos profissionais qualificados para cuidar de seu projeto.<\/p>\n\n<\/div>\n<div  class=\"features-coloured-icon-boxes-featurecol cp3cols\">\n<div  class=\"features-coloured-icon-boxes-iconcontainer\" data-content-item-container=\"true\"> <i  data-cp-fa=\"true\" class=\"features-coloured-icon fa fa-cogs\"><\/i><\/div>\n<h4  class=\"\">Suporte e Manuten\u00e7\u00e3o em PC e Notebook<\/h4>\n<p  class=\"\">Instala\u00e7\u00e3o de sistemas operacionais<\/p>\nManuten\u00e7\u00e3o corretiva e preventiva\n\nRemo\u00e7\u00e3o de vir\u00fas e corre\u00e7\u00e3o de erros de sistema.\n\n<\/div>\n<div  class=\"features-coloured-icon-boxes-featurecol cp3cols\">\n<div  class=\"features-coloured-icon-boxes-iconcontainer\" data-content-item-container=\"true\"> <i  data-cp-fa=\"true\" class=\"features-coloured-icon fa fa-windows\"><\/i><\/div>\n<h4  class=\"\">Consultoria em TI<\/h4>\n<p  class=\"\">O servi\u00e7o de service desk da Giga Total tem profissionais qualificados para atender todos os n\u00edveis de suporte de empresas de pequeno, m\u00e9dio e grande porte.<\/p>\n\n<\/div>\n<div  class=\"features-coloured-icon-boxes-featurecol cp3cols\">\n<div  class=\"features-coloured-icon-boxes-iconcontainer\" data-content-item-container=\"true\"> <i  data-cp-fa=\"true\" class=\"features-coloured-icon fa fa-file-text\"><\/i><\/div>\n<h4  class=\"\">Contratos de Manuten\u00e7\u00e3o de Rede&nbsp;<\/h4>\n<p  class=\"\">Deixe seu funcionarios focarem em seus trabalhos&nbsp; que n\u00f3s da Giga Total cuidamos de todo ambiente e estrutura de TI para tudo funcionar sem falhas.<\/p>\n\n<\/div>\n<div  class=\"features-coloured-icon-boxes-featurecol cp3cols\">\n<div  class=\"features-coloured-icon-boxes-iconcontainer\" data-content-item-container=\"true\"> <i  data-cp-fa=\"true\" class=\"features-coloured-icon fa fa-database\"><\/i><\/div>\n<h4  class=\"\">Desenvolvimento de Sistemas e Aplicativos<\/h4>\n<p  class=\"\">N\u00e3o importa qual for a sua id\u00e9ia<\/p>\na Giga Total est\u00e1 aqui para\n\ntransformar seu projeto em realidade. Criamos sistemas e aplicativos personalisados.\n\n<\/div>\n<\/div>\n<\/div>\n<\/div><div  data-label=\"About\" data-id=\"about-big-images-section\" data-category=\"about\" class=\"about-big-images-section\" id=\"about-1\" style=\"background-color: rgb(255, 255, 255);\">\n<div  class=\"gridContainer\">\n<div  class=\"about-big-images-textrow\">\n<div  class=\"about-big-images-textcol dynamic-color\" data-type=\"column\">\n<h3  class=\"\">Conhe\u00e7a a Giga Total&nbsp;<\/h3>\n<p  class=\"\">Nossa empresa \u00e9 uma prestadora de servi\u00e7os de cria\u00e7\u00e3o de sites e lojas virtuais, marketing digital e consultoria em TI. Temos profissionais qualificados que s\u00e3o treinados periodicamente para poder trazer a solu\u00e7\u00e3o certa para o seu neg\u00f3cio. Estamos sempre nos atualizando, por este motivo conseguimos oferecer as solu\u00e7\u00f5es mais modernas e eficaz que a no mercado e automaticamente trazer \u00f3timos resultados para sua empresa.<\/p>\n\n<\/div>\n<\/div>\n<\/div>\n<div  class=\"about-big-images-bottomrow\">\n<div  class=\"about-big-images-leftimgcol\"><img decoding=\"async\"  class=\"about-big-images-leftimg\" src=\"http:\/\/gigatotal.com.br\/wp-content\/uploads\/2019\/06\/nordwood-themes-180852.jpg\"><\/div>\n<div  class=\"about-big-images-centerimgcol\"><img decoding=\"async\"  class=\"about-big-images-centerimg\" src=\"http:\/\/gigatotal.com.br\/wp-content\/uploads\/2019\/06\/0_KOTFvzJuxNdgsQ8S.jpg\"><\/div>\n<div  class=\"about-big-images-rightimgcol\"><img decoding=\"async\"  class=\"about-big-images-rightimg\" src=\"http:\/\/gigatotal.com.br\/wp-content\/plugins\/one-page-express-companion\/theme-data\/one-page-express\/sections\/images\/project1.jpg\"><\/div>\n<\/div>\n<\/div><div  id=\"numbers\" data-label=\"Numbers\" data-id=\"numbers-section\" data-category=\"numbers\" data-bg=\"transparent\" class=\"numbers-section\" data-parallax-depth=\"20\">\n<div  class=\"gridContainer dynamic-color\">\n<div  class=\"numbers-itemcol\">\n<h2  class=\"numbers-numbertext\">+ DE 1000<\/h2>\n<h3  class=\"numbers-titletext\">PROJETOS<\/h3>\n<\/div>\n<div  class=\"numbers-itemcol\">\n<h2  class=\"numbers-numbertext\">+ DE 10 ANOS<\/h2>\n<h3  class=\"numbers-titletext\">NO MERCADO<\/h3>\n<\/div>\n<div  class=\"numbers-itemcol-last\">\n<h2  class=\"numbers-numbertext\">99% DE&nbsp;<\/h2>\n<h3  class=\"numbers-titletext\">PONTUALIDADE<\/h3>\n<\/div>\n<\/div>\n<\/div><div  data-label=\"Clients\" data-id=\"clients-grid-section\" data-category=\"clients\" class=\"clients-grid-section\" id=\"clients-1\" style=\"background-color: rgb(255, 255, 255);\">\n<div  class=\"gridContainer\">\n<div  class=\"clients-grid-textrow row\" data-type=\"column\">\n<div  data-type=\"column\" class=\"clients-grid-textcol dynamic-color\">\n<h2  class=\"\">Clientes<\/h2>\n<p  class=\"\">Conhe\u00e7a aqui alguns de nossos clientes que confiaram e comprovam a qualidade nossos servi\u00e7os.<\/p>\n\n<\/div>\n<\/div>\n<div  class=\"row\" data-type=\"row\" data-add-content=\"false\">\n<div  class=\"clients-grid-itemcol cp3cols cp3cols-tablet\">\n<div  class=\"middle_align5\"><a  href=\"#\"><img decoding=\"async\"  class=\"clients-grid-itemimg\" src=\"http:\/\/gigatotal.com.br\/wp-content\/uploads\/2019\/05\/conexao-editorial.jpg\"><\/a><\/div>\n<\/div>\n<div  class=\"clients-grid-itemcol cp3cols cp3cols-tablet\">\n<div  class=\"middle_align5\"><a  href=\"#\"><img decoding=\"async\"  class=\"clients-grid-itemimg\" src=\"http:\/\/gigatotal.com.br\/wp-content\/uploads\/2019\/05\/arte4-editorial.png\"><\/a><\/div>\n<\/div>\n<div  class=\"clients-grid-itemcol cp3cols cp3cols-tablet\">\n<div  class=\"middle_align5\"><a href=\"https:\/\/fotografiaparamaternidade.com.br\" target=\"_blank\" rel=\"noopener\" class=\"\"><img decoding=\"async\"  class=\"clients-grid-itemimg\" src=\"https:\/\/www.gigatotal.com.br\/wp-content\/uploads\/2023\/09\/logo-baby-moments.png\"><\/a><\/div>\n<\/div>\n<div  class=\"clients-grid-itemcol cp3cols cp3cols-tablet\">\n<div  class=\"middle_align5\"><a  href=\"#\"><img decoding=\"async\"  class=\"clients-grid-itemimg\" src=\"http:\/\/gigatotal.com.br\/wp-content\/uploads\/2019\/05\/logo-quiroshealth-1.png\"><\/a><\/div>\n<\/div>\n<div  class=\"clients-grid-itemcol cp3cols cp3cols-tablet\">\n<div  class=\"middle_align5\"><a  href=\"#\"><img decoding=\"async\"  class=\"clients-grid-itemimg\" src=\"http:\/\/gigatotal.com.br\/wp-content\/uploads\/2019\/05\/Luar-M\u00c3\u00a1gico.png\"> <\/a><\/div>\n<a href=\"#\" target=\"blank\" class=\"\" rel=\"noopener noreferrer\"> <\/a>\n\n<\/div>\n<a href=\"#\" target=\"blank\" rel=\"noopener noreferrer\"> <\/a>\n<div  class=\"clients-grid-itemcol cp3cols cp3cols-tablet\"><a href=\"#\" target=\"blank\" class=\"\" rel=\"noopener noreferrer\"> <\/a>\n<div  class=\"middle_align5\"><a href=\"#\" target=\"blank\" rel=\"noopener noreferrer\"><\/a><a  href=\"#\"><img decoding=\"async\"  class=\"clients-grid-itemimg\" src=\"http:\/\/gigatotal.com.br\/wp-content\/uploads\/2019\/05\/motelpilares.png\"><\/a><\/div>\n<\/div>\n<div  class=\"clients-grid-itemcol cp3cols cp3cols-tablet\">\n<div  class=\"middle_align5\"><a  href=\"#\"><img decoding=\"async\"  class=\"clients-grid-itemimg\" src=\"http:\/\/gigatotal.com.br\/wp-content\/uploads\/2019\/05\/life-clean.png\"><\/a><\/div>\n<\/div>\n<div  class=\"clients-grid-itemcol cp3cols cp3cols-tablet\">\n<div  class=\"middle_align5\"><a  href=\"#\"><img decoding=\"async\"  class=\"clients-grid-itemimg\" src=\"http:\/\/gigatotal.com.br\/wp-content\/uploads\/2019\/05\/LOGO-REPRESENTA-TOTAL.png\"><\/a><\/div>\n<\/div>\n<div  class=\"clients-grid-itemcol cp3cols cp3cols-tablet\">\n<div  class=\"middle_align5\"><a href=\"#\" target=\"_self\" rel=\"noopener noreferrer\"><img decoding=\"async\"  class=\"clients-grid-itemimg\" src=\"http:\/\/gigatotal.com.br\/wp-content\/uploads\/2019\/07\/cropped-logo-oficial.png\"><\/a><\/div>\n<\/div>\n<div  class=\"clients-grid-itemcol cp3cols cp3cols-tablet\">\n<div  class=\"middle_align5\"><a href=\"#\" target=\"_self\" rel=\"noopener noreferrer\"><img decoding=\"async\"  class=\"clients-grid-itemimg\" src=\"http:\/\/gigatotal.com.br\/wp-content\/uploads\/2019\/07\/studio-russo-1024x910.png\"><\/a><\/div>\n<\/div>\n<div  class=\"clients-grid-itemcol cp3cols cp3cols-tablet\">\n<div  class=\"middle_align5\"><a href=\"#\" target=\"_self\" rel=\"noopener noreferrer\"><img decoding=\"async\"  class=\"clients-grid-itemimg\" src=\"http:\/\/gigatotal.com.br\/wp-content\/uploads\/2019\/07\/logo.png\"><\/a><\/div>\n<\/div>\n<div  class=\"clients-grid-itemcol cp3cols cp3cols-tablet\">\n<div  class=\"middle_align5\"><a href=\"https:\/\/tonerhp.com.br\/hp-brasil\" target=\"_blank\" rel=\"noopener noreferrer\" class=\"\"><img decoding=\"async\"  class=\"clients-grid-itemimg\" src=\"https:\/\/gigatotal.com.br\/wp-content\/uploads\/2019\/07\/images.jpg\"><\/a><\/div>\n<\/div>\n<\/div>\n<\/div>\n<\/div><div  id=\"testimonials-1\" style=\"background-color: rgb(255, 255, 255);\" data-label=\"Testimonials\" data-id=\"testimonials-boxed-section\" data-category=\"testimonials\" class=\"testimonials-boxed-section\">\n<div  class=\"gridContainer\">\n<div  class=\"testimonials-boxed-textcol dynamic-color\" data-type=\"column\">\n<h2  class=\"\">O que&nbsp; nossos clientes dizem<\/h2>\n<p  class=\"\">Veja a opini\u00e3o de alguns de nossos clientes que confiam no nosso trabalho.<\/p>\n\n<\/div>\n<div  class=\"testimonials-boxed-itemsrow dark-text\" data-type=\"row\">\n<div  class=\"testimonials-boxed-itemcol cp4cols cp6cols-tablet\">\n<div  class=\"testimonials-boxed-itemcard\" data-type=\"column\">\n<h4  class=\"testimonials-boxed-itemtext\">\u201cA Giga Total Criou meu portf\u00f3lio de trabalho saiu&nbsp; tudo como eu&nbsp; havia pedido estou totalmente satisfeito com o servi\u00e7o\u201d<\/h4>\n<img decoding=\"async\"  class=\"testimonials-boxed-itemimg\" data-size=\"500x500\" src=\"http:\/\/gigatotal.com.br\/wp-content\/uploads\/2019\/05\/cropped-images.jpg\">\n<h5  class=\"testimonials-boxed-itemname\">Welington Oliveira<\/h5>\n<h6  class=\"testimonials-boxed-itempos\">CEO Conex\u00e3o Editorial<\/h6>\n<\/div>\n<\/div>\n<div  class=\"testimonials-boxed-itemcol cp4cols cp6cols-tablet\">\n<div  class=\"testimonials-boxed-itemcard\" data-type=\"column\">\n<h4  class=\"testimonials-boxed-itemtext\">\u201cEmpresa 100% profissional entregaram o servi\u00e7o&nbsp; com 100% de qualidade e pontualidade eu recomendo\u201d<\/h4>\n<img decoding=\"async\"  class=\"testimonials-boxed-itemimg\" data-size=\"500x500\" src=\"http:\/\/gigatotal.com.br\/wp-content\/uploads\/2019\/07\/cropped-65439726_2136963116426642_8752360870631178240_n.jpg\">\n<h5  class=\"testimonials-boxed-itemname\">Carla Simone Russo<\/h5>\n<h6  class=\"testimonials-boxed-itempos\">CEO STUDIO RUSSO<\/h6>\n<\/div>\n<\/div>\n<div  class=\"testimonials-boxed-itemcol cp4cols cp6cols-tablet\">\n<div  class=\"testimonials-boxed-itemcard\" data-type=\"column\">\n<h4  class=\"testimonials-boxed-itemtext\">\u201cCriei todo o conte\u00fado da minha empresa com a Giga Total e estou tendo resultados inscr\u00edveis em minhas vendas\u201d<\/h4>\n<img decoding=\"async\"  class=\"testimonials-boxed-itemimg\" data-size=\"500x500\" src=\"http:\/\/gigatotal.com.br\/wp-content\/uploads\/2019\/05\/cropped-51112771_2029915083764913_6591759353127108608_n.jpg\">\n<h5  class=\"testimonials-boxed-itemname\">Cristina Oliveira<\/h5>\n<h6  class=\"testimonials-boxed-itempos\">CEO representa total<\/h6>\n<\/div>\n<\/div>\n<\/div>\n<\/div>\n<\/div><div  id=\"contact-4\" data-label=\"Contact\" data-id=\"contact-section\" data-category=\"contact\" data-bg=\"transparent\" class=\"contact-section-formsection white-text\">\n<div  class=\"gridContainer\">\n<div  class=\"row_224\">\n<div  class=\"contact-textrow\">\n<div  class=\"contact-textcol dynamic-color\">\n<h2  class=\"\">Entre em contato&nbsp;<\/h2>\n<p  class=\"white_text\">Envie um email atraves do formulario que em breve retornaremos.<\/p>\n\n<\/div>\n<\/div>\n<\/div>\n<div  class=\"contact-formcol\" data-content-shortcode=\"one_page_express_contact_form shortcode=&quot;contact-form-7 id=&amp;amp;quot;7&amp;amp;quot; title=&amp;amp;quot;Contact form 1&amp;amp;quot;&quot;\" data-editable=\"true\"><div role=\"form\" class=\"wpcf7\" id=\"wpcf7-f7-o1\" lang=\"pt-BR\" dir=\"ltr\">\n<div class=\"screen-reader-response\"><p role=\"status\" aria-live=\"polite\" aria-atomic=\"true\"><\/p> <ul><\/ul><\/div>\n<form action=\"\/index.php?rest_route=%2Fwp%2Fv2%2Fpages%2F5#wpcf7-f7-o1\" method=\"post\" class=\"wpcf7-form init\" novalidate=\"novalidate\" data-status=\"init\">\n<div style=\"display: none;\">\n<input type=\"hidden\" name=\"_wpcf7\" value=\"7\" \/>\n<input type=\"hidden\" name=\"_wpcf7_version\" value=\"5.4\" \/>\n<input type=\"hidden\" name=\"_wpcf7_locale\" value=\"pt_BR\" \/>\n<input type=\"hidden\" name=\"_wpcf7_unit_tag\" value=\"wpcf7-f7-o1\" \/>\n<input type=\"hidden\" name=\"_wpcf7_container_post\" value=\"0\" \/>\n<input type=\"hidden\" name=\"_wpcf7_posted_data_hash\" value=\"\" \/>\n<\/div>\n<p><label>Seu Nome (obrigat\u00f3rio)<br \/>\n    <span class=\"wpcf7-form-control-wrap your-name\"><input type=\"text\" name=\"your-name\" value=\"\" size=\"40\" class=\"wpcf7-form-control wpcf7-text wpcf7-validates-as-required\" aria-required=\"true\" aria-invalid=\"false\" \/><\/span> <\/label><\/p>\n<p><label> Seu Email (obrigat\u00f3rio)<br \/>\n    <span class=\"wpcf7-form-control-wrap your-email\"><input type=\"email\" name=\"your-email\" value=\"\" size=\"40\" class=\"wpcf7-form-control wpcf7-text wpcf7-email wpcf7-validates-as-required wpcf7-validates-as-email\" aria-required=\"true\" aria-invalid=\"false\" \/><\/span> <\/label><\/p>\n<p><label> Assunto<br \/>\n    <span class=\"wpcf7-form-control-wrap your-subject\"><input type=\"text\" name=\"your-subject\" value=\"\" size=\"40\" class=\"wpcf7-form-control wpcf7-text\" aria-invalid=\"false\" \/><\/span> <\/label><\/p>\n<p><label> Sua Mensagem<br \/>\n    <span class=\"wpcf7-form-control-wrap your-message\"><textarea name=\"your-message\" cols=\"40\" rows=\"10\" class=\"wpcf7-form-control wpcf7-textarea\" aria-invalid=\"false\"><\/textarea><\/span> <\/label><\/p>\n<p><input type=\"submit\" value=\"Enviar\" class=\"wpcf7-form-control wpcf7-submit\" \/><\/p>\n<div class=\"wpcf7-response-output\" aria-hidden=\"true\"><\/div><\/form><\/div><\/div>\n<\/div>\n<\/div>","protected":false},"excerpt":{"rendered":"<p>Cria\u00e7\u00e3o de sites e lojas Virtuais Criamos sites e lojas virtuais personalizadas em wordpress de acordo com a necessidade de cada cliente. Desenvolvemos um modelo de site com seu conte\u00fado e se for aprovado ai conversamos sobre valores. SEO Marketing Quer saber porque seu concorrente aparece nas primeiras paginas de pesquisas e seu site n\u00e3o?&hellip; <br \/> <a class=\"button small blue\" href=\"https:\/\/www.gigatotal.com.br\/\">Leia mais<\/a><\/p>\n","protected":false},"author":1,"featured_media":0,"parent":0,"menu_order":0,"comment_status":"closed","ping_status":"closed","template":"","meta":{"footnotes":""},"class_list":["post-5","page","type-page","status-publish","hentry"],"_links":{"self":[{"href":"https:\/\/www.gigatotal.com.br\/index.php?rest_route=\/wp\/v2\/pages\/5","targetHints":{"allow":["GET"]}}],"collection":[{"href":"https:\/\/www.gigatotal.com.br\/index.php?rest_route=\/wp\/v2\/pages"}],"about":[{"href":"https:\/\/www.gigatotal.com.br\/index.php?rest_route=\/wp\/v2\/types\/page"}],"author":[{"embeddable":true,"href":"https:\/\/www.gigatotal.com.br\/index.php?rest_route=\/wp\/v2\/users\/1"}],"replies":[{"embeddable":true,"href":"https:\/\/www.gigatotal.com.br\/index.php?rest_route=%2Fwp%2Fv2%2Fcomments&post=5"}],"version-history":[{"count":49,"href":"https:\/\/www.gigatotal.com.br\/index.php?rest_route=\/wp\/v2\/pages\/5\/revisions"}],"predecessor-version":[{"id":204,"href":"https:\/\/www.gigatotal.com.br\/index.php?rest_route=\/wp\/v2\/pages\/5\/revisions\/204"}],"wp:attachment":[{"href":"https:\/\/www.gigatotal.com.br\/index.php?rest_route=%2Fwp%2Fv2%2Fmedia&parent=5"}],"curies":[{"name":"wp","href":"https:\/\/api.w.org\/{rel}","templated":true}]}}